{"id":555,"date":"2023-07-18T08:47:01","date_gmt":"2023-07-18T08:47:01","guid":{"rendered":"https:\/\/happyendingmassage.org\/?post_type=product&#038;p=555"},"modified":"2023-10-25T23:53:44","modified_gmt":"2023-10-25T23:53:44","slug":"dich-vu-massage-tai-nha-da-nang-nv13","status":"publish","type":"product","link":"https:\/\/happyendingmassage.org\/en\/product\/dich-vu-massage-tai-nha-da-nang-nv13\/","title":{"rendered":"D\u1ecbch v\u1ee5 Massage t\u1ea1i nh\u00e0 \u0110\u00e0 N\u1eb5ng &#8211; NV13"},"content":{"rendered":"<p><img fetchpriority=\"high\" decoding=\"async\" class=\"alignnone wp-image-1158 size-medium\" src=\"https:\/\/happyendingmassage.org\/wp-content\/uploads\/2023\/07\/Frame-10-300x300.png\" alt=\"\" width=\"300\" height=\"300\" srcset=\"https:\/\/happyendingmassage.org\/wp-content\/uploads\/2023\/07\/Frame-10-300x300.png 300w, https:\/\/happyendingmassage.org\/wp-content\/uploads\/2023\/07\/Frame-10-150x150.png 150w, https:\/\/happyendingmassage.org\/wp-content\/uploads\/2023\/07\/Frame-10-100x100.png 100w, https:\/\/happyendingmassage.org\/wp-content\/uploads\/2023\/07\/Frame-10.png 480w\" sizes=\"(max-width: 300px) 100vw, 300px\" \/><\/p>\n","protected":false},"excerpt":{"rendered":"","protected":false},"featured_media":1158,"template":"","meta":[],"product_cat":[23],"product_tag":[],"class_list":["post-555","product","type-product","status-publish","has-post-thumbnail","hentry","product_cat-nhan-vien"],"_links":{"self":[{"href":"https:\/\/happyendingmassage.org\/en\/wp-json\/wp\/v2\/product\/555","targetHints":{"allow":["GET"]}}],"collection":[{"href":"https:\/\/happyendingmassage.org\/en\/wp-json\/wp\/v2\/product"}],"about":[{"href":"https:\/\/happyendingmassage.org\/en\/wp-json\/wp\/v2\/types\/product"}],"wp:featuredmedia":[{"embeddable":true,"href":"https:\/\/happyendingmassage.org\/en\/wp-json\/wp\/v2\/media\/1158"}],"wp:attachment":[{"href":"https:\/\/happyendingmassage.org\/en\/wp-json\/wp\/v2\/media?parent=555"}],"wp:term":[{"taxonomy":"product_cat","embeddable":true,"href":"https:\/\/happyendingmassage.org\/en\/wp-json\/wp\/v2\/product_cat?post=555"},{"taxonomy":"product_tag","embeddable":true,"href":"https:\/\/happyendingmassage.org\/en\/wp-json\/wp\/v2\/product_tag?post=555"}],"curies":[{"name":"wp","href":"https:\/\/api.w.org\/{rel}","templated":true}]}}