{"id":565,"date":"2023-07-18T08:53:01","date_gmt":"2023-07-18T08:53:01","guid":{"rendered":"https:\/\/happyendingmassage.org\/?post_type=product&#038;p=565"},"modified":"2023-10-25T23:47:57","modified_gmt":"2023-10-25T23:47:57","slug":"dich-vu-massage-tai-nha-da-nang-nv17","status":"publish","type":"product","link":"https:\/\/happyendingmassage.org\/en\/product\/dich-vu-massage-tai-nha-da-nang-nv17\/","title":{"rendered":"D\u1ecbch v\u1ee5 Massage t\u1ea1i nh\u00e0 \u0110\u00e0 N\u1eb5ng &#8211; NV17"},"content":{"rendered":"<p><img fetchpriority=\"high\" decoding=\"async\" class=\"alignnone wp-image-1141 size-medium\" src=\"https:\/\/happyendingmassage.org\/wp-content\/uploads\/2023\/10\/Frame-5-300x300.png\" alt=\"\" width=\"300\" height=\"300\" srcset=\"https:\/\/happyendingmassage.org\/wp-content\/uploads\/2023\/10\/Frame-5-300x300.png 300w, https:\/\/happyendingmassage.org\/wp-content\/uploads\/2023\/10\/Frame-5-150x150.png 150w, https:\/\/happyendingmassage.org\/wp-content\/uploads\/2023\/10\/Frame-5-100x100.png 100w, https:\/\/happyendingmassage.org\/wp-content\/uploads\/2023\/10\/Frame-5.png 480w\" sizes=\"(max-width: 300px) 100vw, 300px\" \/><\/p>\n","protected":false},"excerpt":{"rendered":"","protected":false},"featured_media":1141,"template":"","meta":[],"product_cat":[23],"product_tag":[],"class_list":["post-565","product","type-product","status-publish","has-post-thumbnail","hentry","product_cat-nhan-vien"],"_links":{"self":[{"href":"https:\/\/happyendingmassage.org\/en\/wp-json\/wp\/v2\/product\/565","targetHints":{"allow":["GET"]}}],"collection":[{"href":"https:\/\/happyendingmassage.org\/en\/wp-json\/wp\/v2\/product"}],"about":[{"href":"https:\/\/happyendingmassage.org\/en\/wp-json\/wp\/v2\/types\/product"}],"wp:featuredmedia":[{"embeddable":true,"href":"https:\/\/happyendingmassage.org\/en\/wp-json\/wp\/v2\/media\/1141"}],"wp:attachment":[{"href":"https:\/\/happyendingmassage.org\/en\/wp-json\/wp\/v2\/media?parent=565"}],"wp:term":[{"taxonomy":"product_cat","embeddable":true,"href":"https:\/\/happyendingmassage.org\/en\/wp-json\/wp\/v2\/product_cat?post=565"},{"taxonomy":"product_tag","embeddable":true,"href":"https:\/\/happyendingmassage.org\/en\/wp-json\/wp\/v2\/product_tag?post=565"}],"curies":[{"name":"wp","href":"https:\/\/api.w.org\/{rel}","templated":true}]}}