{"id":16,"date":"2020-10-12T09:36:46","date_gmt":"2020-10-12T09:36:46","guid":{"rendered":"https:\/\/demosoledad.pencidesign.net\/soledad-massage-multipurpose\/?page_id=16"},"modified":"2026-02-03T10:51:01","modified_gmt":"2026-02-03T10:51:01","slug":"lien-he","status":"publish","type":"page","link":"https:\/\/happyendingmassage.org\/vi\/lien-he\/","title":{"rendered":"Li\u00ean h\u1ec7"},"content":{"rendered":"\t\t<div data-elementor-type=\"wp-page\" data-elementor-id=\"16\" class=\"elementor elementor-16\" data-elementor-post-type=\"page\">\n\t\t\t\t\t\t<section class=\"penci-section penci-dmcheck penci-elbg-activate penci-disSticky penci-structure-10 elementor-section elementor-top-section elementor-element elementor-element-306d742 elementor-section-boxed elementor-section-height-default elementor-section-height-default\" data-id=\"306d742\" data-element_type=\"section\" data-settings=\"{&quot;background_background&quot;:&quot;classic&quot;,&quot;shape_divider_bottom&quot;:&quot;curve-asymmetrical&quot;,&quot;shape_divider_bottom_negative&quot;:&quot;yes&quot;}\">\n\t\t\t\t\t<div class=\"elementor-shape elementor-shape-bottom\" aria-hidden=\"true\" data-negative=\"true\">\n\t\t\t<svg xmlns=\"http:\/\/www.w3.org\/2000\/svg\" viewBox=\"0 0 1000 100\" preserveAspectRatio=\"none\">\n\t<path class=\"elementor-shape-fill\" d=\"M615.2,96.7C240.2,97.8,0,18.9,0,0v100h1000V0C1000,19.2,989.8,96,615.2,96.7z\"\/>\n<\/svg>\t\t<\/div>\n\t\t\t\t\t<div class=\"elementor-container elementor-column-gap-no\">\n\t\t\t\t\t<div class=\"penci-ercol-100 penci-ercol-order-1 penci-sticky-ct    elementor-column elementor-col-100 elementor-top-column elementor-element elementor-element-4ad8c21\" data-id=\"4ad8c21\" data-element_type=\"column\">\n\t\t\t<div class=\"elementor-widget-wrap elementor-element-populated\">\n\t\t\t\t\t\t<div class=\"elementor-element elementor-element-16df1d4 elementor-widget elementor-widget-text-editor\" data-id=\"16df1d4\" data-element_type=\"widget\" data-widget_type=\"text-editor.default\">\n\t\t\t\t<div class=\"elementor-widget-container\">\n\t\t\t\t\t\t\t\t\t<div style=\"width: 100%; max-width: 1000px; margin: 30px auto; font-family: 'Segoe UI', Arial, sans-serif; padding: 40px; background-color: #ffffff; border-radius: 20px; box-shadow: 0 10px 40px rgba(0,0,0,0.06); box-sizing: border-box; border: 1px solid #f0f0f0;\">\n    \n    <div style=\"text-align: center; margin-bottom: 35px;\">\n        <h2 style=\"color: #c49a6c; text-transform: uppercase; letter-spacing: 2px; margin-bottom: 20px; font-size: 26px;\">Get In Touch With Us<\/h2>\n        <p style=\"font-size: 17px; line-height: 1.8; color: #333; margin: 0; max-width: 800px; margin: 0 auto;\">\n            Ready for the ultimate escape? Whether you wish to visit our luxury spa or prefer a discreet <strong>30-minute out-call service<\/strong> at your hotel, our team is available <strong>24\/7<\/strong> to assist you. Contact us now via WhatsApp, Zalo, or Hotline for instant booking in <strong>Da Nang and Nha Trang<\/strong>. Your privacy and satisfaction are our top priorities.\n        <\/p>\n    <\/div>\n\n    <div style=\"display: flex; align-items: center; justify-content: center; margin: 30px 0;\">\n        <div style=\"flex: 1; height: 1px; background: #eee;\"><\/div>\n        <div style=\"padding: 0 15px; color: #c49a6c; font-size: 18px;\">\u2605<\/div>\n        <div style=\"flex: 1; height: 1px; background: #eee;\"><\/div>\n    <\/div>\n\n    <div style=\"text-align: center;\">\n        <h2 style=\"color: #333; text-transform: uppercase; letter-spacing: 2px; margin-bottom: 20px; font-size: 22px;\">Li\u00ean H\u1ec7 V\u1edbi Ch\u00fang T\u00f4i<\/h2>\n        <p style=\"font-size: 17px; line-height: 1.8; color: #555; margin: 0; max-width: 800px; margin: 0 auto; font-style: italic;\">\n            B\u1ea1n \u0111\u00e3 s\u1eb5n s\u00e0ng cho s\u1ef1 th\u01b0 gi\u00e3n tuy\u1ec7t \u0111\u1ed1i? D\u00f9 b\u1ea1n mu\u1ed1n gh\u00e9 th\u0103m spa sang tr\u1ecdng hay \u01b0u ti\u00ean <strong>d\u1ecbch v\u1ee5 t\u1eadn n\u01a1i trong 30 ph\u00fat<\/strong> t\u1ea1i kh\u00e1ch s\u1ea1n, \u0111\u1ed9i ng\u0169 c\u1ee7a ch\u00fang t\u00f4i lu\u00f4n s\u1eb5n s\u00e0ng h\u1ed7 tr\u1ee3 <strong>24\/7<\/strong>. Li\u00ean h\u1ec7 ngay qua WhatsApp, Zalo ho\u1eb7c Hotline \u0111\u1ec3 \u0111\u1eb7t l\u1ecbch t\u1ee9c th\u00ec t\u1ea1i <strong>\u0110\u00e0 N\u1eb5ng v\u00e0 Nha Trang<\/strong>. S\u1ef1 ri\u00eang t\u01b0 v\u00e0 h\u00e0i l\u00f2ng c\u1ee7a b\u1ea1n l\u00e0 \u01b0u ti\u00ean h\u00e0ng \u0111\u1ea7u c\u1ee7a ch\u00fang t\u00f4i.\n        <\/p>\n    <\/div>\n\n<\/div>\t\t\t\t\t\t\t\t<\/div>\n\t\t\t\t<\/div>\n\t\t\t\t\t<\/div>\n\t\t<\/div>\n\t\t\t\t\t<\/div>\n\t\t<\/section>\n\t\t\t\t<section class=\"penci-section penci-disSticky penci-structure-20 elementor-section elementor-top-section elementor-element elementor-element-0b423b1 elementor-section-content-top elementor-section-boxed elementor-section-height-default elementor-section-height-default\" data-id=\"0b423b1\" data-element_type=\"section\">\n\t\t\t\t\t\t<div class=\"elementor-container elementor-column-gap-wider\">\n\t\t\t\t\t<div class=\"penci-ercol-50 penci-ercol-order-1 penci-sticky-ct    elementor-column elementor-col-50 elementor-top-column elementor-element elementor-element-ed100bc\" data-id=\"ed100bc\" data-element_type=\"column\">\n\t\t\t<div class=\"elementor-widget-wrap elementor-element-populated\">\n\t\t\t\t\t\t<div class=\"elementor-element elementor-element-6dfd3ca elementor-widget elementor-widget-image\" data-id=\"6dfd3ca\" data-element_type=\"widget\" data-widget_type=\"image.default\">\n\t\t\t\t<div class=\"elementor-widget-container\">\n\t\t\t\t\t\t\t\t\t\t\t\t\t\t\t<img fetchpriority=\"high\" decoding=\"async\" width=\"1024\" height=\"585\" src=\"https:\/\/happyendingmassage.org\/wp-content\/uploads\/2026\/02\/vip-massage-da-nang-spa-happy-ending-for-men-16_27_11zon-1024x585.webp\" class=\"attachment-large size-large wp-image-6567\" alt=\"\" srcset=\"https:\/\/happyendingmassage.org\/wp-content\/uploads\/2026\/02\/vip-massage-da-nang-spa-happy-ending-for-men-16_27_11zon-1024x585.webp 1024w, https:\/\/happyendingmassage.org\/wp-content\/uploads\/2026\/02\/vip-massage-da-nang-spa-happy-ending-for-men-16_27_11zon-300x171.webp 300w, https:\/\/happyendingmassage.org\/wp-content\/uploads\/2026\/02\/vip-massage-da-nang-spa-happy-ending-for-men-16_27_11zon-768x439.webp 768w, https:\/\/happyendingmassage.org\/wp-content\/uploads\/2026\/02\/vip-massage-da-nang-spa-happy-ending-for-men-16_27_11zon-1170x669.webp 1170w, https:\/\/happyendingmassage.org\/wp-content\/uploads\/2026\/02\/vip-massage-da-nang-spa-happy-ending-for-men-16_27_11zon-585x334.webp 585w, https:\/\/happyendingmassage.org\/wp-content\/uploads\/2026\/02\/vip-massage-da-nang-spa-happy-ending-for-men-16_27_11zon-600x343.webp 600w, https:\/\/happyendingmassage.org\/wp-content\/uploads\/2026\/02\/vip-massage-da-nang-spa-happy-ending-for-men-16_27_11zon.webp 1344w\" sizes=\"(max-width: 1024px) 100vw, 1024px\" \/>\t\t\t\t\t\t\t\t\t\t\t\t\t\t\t<\/div>\n\t\t\t\t<\/div>\n\t\t\t\t\t<\/div>\n\t\t<\/div>\n\t\t\t\t<div class=\"penci-ercol-50 penci-ercol-order-2 penci-sticky-ct    elementor-column elementor-col-50 elementor-top-column elementor-element elementor-element-fa8f8bf\" data-id=\"fa8f8bf\" data-element_type=\"column\">\n\t\t\t<div class=\"elementor-widget-wrap elementor-element-populated\">\n\t\t\t\t\t\t<div class=\"elementor-element elementor-element-38a1728 elementor-widget elementor-widget-text-editor\" data-id=\"38a1728\" data-element_type=\"widget\" data-widget_type=\"text-editor.default\">\n\t\t\t\t<div class=\"elementor-widget-container\">\n\t\t\t\t\t\t\t\t\t<div style=\"width: 100%; max-width: 500px; font-family: 'Segoe UI', Arial, sans-serif; background: #ffffff; padding: 25px; border-radius: 15px; box-shadow: 0 5px 20px rgba(0,0,0,0.05); border: 1px solid #f1f1f1;\"><div style=\"margin-bottom: 25px;\"><div style=\"display: flex; align-items: center; margin-bottom: 12px;\"><span style=\"color: #c49a6c; margin-right: 12px; font-size: 18px;\">\ud83d\udcde<\/span><br \/><span style=\"color: #333; font-size: 16px;\"><strong>Hotline:<\/strong>\u00a0(+84) 914.175.803<\/span><\/div><div style=\"display: flex; align-items: center; margin-bottom: 12px;\"><span style=\"color: #c49a6c; margin-right: 12px; font-size: 18px;\">\u2708\ufe0f<\/span><br \/><span style=\"color: #333; font-size: 16px;\"><strong>Telegram ID:<\/strong> happyendingdanang<\/span><\/div><div style=\"display: flex; align-items: center; margin-bottom: 12px;\"><span style=\"color: #c49a6c; margin-right: 12px; font-size: 18px;\">\ud83d\udcac<\/span><br \/><span style=\"color: #333; font-size: 16px;\"><strong>WhatsApp\/Zalo:<\/strong> (+84) 914.175.803<\/span><\/div><div style=\"display: flex; align-items: center;\"><span style=\"color: #c49a6c; margin-right: 12px; font-size: 18px;\">\u23f0<\/span><br \/><span style=\"color: #333; font-size: 16px;\"><strong>Open:<\/strong> 24\/24 &#8211; Every day <\/span><\/div><\/div><\/div>\t\t\t\t\t\t\t\t<\/div>\n\t\t\t\t<\/div>\n\t\t\t\t<div class=\"elementor-element elementor-element-890f7af elementor-widget elementor-widget-heading\" data-id=\"890f7af\" data-element_type=\"widget\" data-widget_type=\"heading.default\">\n\t\t\t\t<div class=\"elementor-widget-container\">\n\t\t\t\t\t<h2 class=\"elementor-heading-title elementor-size-default\"><u>CONTACT US<\/u><\/h2>\t\t\t\t<\/div>\n\t\t\t\t<\/div>\n\t\t\t\t<div class=\"elementor-element elementor-element-964272a elementor-shape-circle elementor-grid-6 e-grid-align-center elementor-widget elementor-widget-social-icons\" data-id=\"964272a\" data-element_type=\"widget\" data-widget_type=\"social-icons.default\">\n\t\t\t\t<div class=\"elementor-widget-container\">\n\t\t\t\t\t\t\t<div class=\"elementor-social-icons-wrapper elementor-grid\" role=\"list\">\n\t\t\t\t\t\t\t<span class=\"elementor-grid-item\" role=\"listitem\">\n\t\t\t\t\t<a class=\"elementor-icon elementor-social-icon elementor-social-icon-phone-alt elementor-repeater-item-289338c\" href=\"tel:0914175803\" target=\"_blank\">\n\t\t\t\t\t\t<span class=\"elementor-screen-only\">Phone-alt<\/span>\n\t\t\t\t\t\t<i aria-hidden=\"true\" class=\"fas fa-phone-alt\"><\/i>\t\t\t\t\t<\/a>\n\t\t\t\t<\/span>\n\t\t\t\t\t\t\t<span class=\"elementor-grid-item\" role=\"listitem\">\n\t\t\t\t\t<a class=\"elementor-icon elementor-social-icon elementor-social-icon-whatsapp elementor-repeater-item-486a4ac\" href=\"https:\/\/wa.me\/+84913655872\" target=\"_blank\" rel=\"noopener\">\n\t\t\t\t\t\t<span class=\"elementor-screen-only\">Whatsapp<\/span>\n\t\t\t\t\t\t<i aria-hidden=\"true\" class=\"fab fa-whatsapp\"><\/i>\t\t\t\t\t<\/a>\n\t\t\t\t<\/span>\n\t\t\t\t\t\t\t<span class=\"elementor-grid-item\" role=\"listitem\">\n\t\t\t\t\t<a class=\"elementor-icon elementor-social-icon elementor-social-icon- elementor-repeater-item-a51474a\" href=\"https:\/\/zalo.me\/0946486596\" target=\"_blank\" rel=\"noopener\">\n\t\t\t\t\t\t<span class=\"elementor-screen-only\"><\/span>\n\t\t\t\t\t\t<svg xmlns=\"http:\/\/www.w3.org\/2000\/svg\" viewBox=\"0 0 48 48\" width=\"48px\" height=\"48px\"><path fill=\"#2962ff\" d=\"M15,36V6.827l-1.211-0.811C8.64,8.083,5,13.112,5,19v10c0,7.732,6.268,14,14,14h10 c4.722,0,8.883-2.348,11.417-5.931V36H15z\"><\/path><path fill=\"#eee\" d=\"M29,5H19c-1.845,0-3.601,0.366-5.214,1.014C10.453,9.25,8,14.528,8,19 c0,6.771,0.936,10.735,3.712,14.607c0.216,0.301,0.357,0.653,0.376,1.022c0.043,0.835-0.129,2.365-1.634,3.742 c-0.162,0.148-0.059,0.419,0.16,0.428c0.942,0.041,2.843-0.014,4.797-0.877c0.557-0.246,1.191-0.203,1.729,0.083 C20.453,39.764,24.333,40,28,40c4.676,0,9.339-1.04,12.417-2.916C42.038,34.799,43,32.014,43,29V19C43,11.268,36.732,5,29,5z\"><\/path><path fill=\"#2962ff\" d=\"M36.75,27C34.683,27,33,25.317,33,23.25s1.683-3.75,3.75-3.75s3.75,1.683,3.75,3.75 S38.817,27,36.75,27z M36.75,21c-1.24,0-2.25,1.01-2.25,2.25s1.01,2.25,2.25,2.25S39,24.49,39,23.25S37.99,21,36.75,21z\"><\/path><path fill=\"#2962ff\" d=\"M31.5,27h-1c-0.276,0-0.5-0.224-0.5-0.5V18h1.5V27z\"><\/path><path fill=\"#2962ff\" d=\"M27,19.75v0.519c-0.629-0.476-1.403-0.769-2.25-0.769c-2.067,0-3.75,1.683-3.75,3.75 S22.683,27,24.75,27c0.847,0,1.621-0.293,2.25-0.769V26.5c0,0.276,0.224,0.5,0.5,0.5h1v-7.25H27z M24.75,25.5 c-1.24,0-2.25-1.01-2.25-2.25S23.51,21,24.75,21S27,22.01,27,23.25S25.99,25.5,24.75,25.5z\"><\/path><path fill=\"#2962ff\" d=\"M21.25,18h-8v1.5h5.321L13,26h0.026c-0.163,0.211-0.276,0.463-0.276,0.75V27h7.5 c0.276,0,0.5-0.224,0.5-0.5v-1h-5.321L21,19h-0.026c0.163-0.211,0.276-0.463,0.276-0.75V18z\"><\/path><\/svg>\t\t\t\t\t<\/a>\n\t\t\t\t<\/span>\n\t\t\t\t\t\t\t<span class=\"elementor-grid-item\" role=\"listitem\">\n\t\t\t\t\t<a class=\"elementor-icon elementor-social-icon elementor-social-icon-telegram elementor-repeater-item-b9b7ef9\" href=\"https:\/\/t.me\/happyendingdanang\" target=\"_blank\">\n\t\t\t\t\t\t<span class=\"elementor-screen-only\">Telegram<\/span>\n\t\t\t\t\t\t<i aria-hidden=\"true\" class=\"fab fa-telegram\"><\/i>\t\t\t\t\t<\/a>\n\t\t\t\t<\/span>\n\t\t\t\t\t\t\t<span class=\"elementor-grid-item\" role=\"listitem\">\n\t\t\t\t\t<a class=\"elementor-icon elementor-social-icon elementor-social-icon- elementor-repeater-item-8cc17c8\" href=\"https:\/\/pf.kakao.com\/massagehappyending\" target=\"_blank\" rel=\"noopener\">\n\t\t\t\t\t\t<span class=\"elementor-screen-only\"><\/span>\n\t\t\t\t\t\t<svg xmlns=\"http:\/\/www.w3.org\/2000\/svg\" viewBox=\"0 0 100 100\" id=\"kakao-talk\"><g id=\"Layer_2\"><path fill=\"#3d1d1c\" d=\"M50.208,7.556C6.123,7.324-14.318,53.867,25.774,74.543c-0.705,2.429-4.527,15.63-4.68,16.667    c-0.109,0.811,0.509,1.491,1.511,1.143C24.053,92.15,39.385,81.38,42.039,79.51C105.612,87.119,118.13,10.476,50.208,7.556z\"><\/path><path fill=\"#ffe812\" d=\"M27.433 53.943c-.086 3.333-5.216 3.346-5.307 0 0 0 0-15.763 0-15.763h-4.14c-3.429-.087-3.436-5.107 0-5.196 0 0 13.587 0 13.587 0 3.431.091 3.435 5.105 0 5.196 0 0-4.14 0-4.14 0V53.943zM49.733 56.076c-1.191.628-3.495.475-3.895-.806 0 0-1.314-3.44-1.314-3.44l-8.091 0-1.315 3.442c-.398 1.279-2.703 1.433-3.893.804-.732-.337-1.435-1.265-.629-3.768l6.347-16.705c1.299-3.426 5.766-3.441 7.073.003 0 0 6.344 16.698 6.344 16.698C51.167 54.812 50.464 55.74 49.733 56.076zM63.143 56.09H54.63c-1.402 0-2.543-1.091-2.543-2.432V35.637c.091-3.492 5.324-3.503 5.417 0 0 0 0 15.588 0 15.588h5.639C66.492 51.308 66.499 56.005 63.143 56.09zM83.914 54.092c-.236 2.275-3.433 3.113-4.745 1.231 0 0-6.222-8.245-6.222-8.245l-.921.921v5.789c-.087 3.492-5.216 3.505-5.308.001 0 0 0-18.152 0-18.152.092-3.495 5.213-3.502 5.307 0 0 0 0 5.703 0 5.703l7.403-7.403c.888-.901 2.432-.707 3.298.193.901.856 1.096 2.418.195 3.298l-6.047 6.046 6.531 8.653C83.83 52.687 84.013 53.395 83.914 54.092z\"><\/path><polygon fill=\"#3d1d1c\" points=\"37.829 47.131 43.129 47.131 40.479 39.602\"><\/polygon><\/g><\/svg>\t\t\t\t\t<\/a>\n\t\t\t\t<\/span>\n\t\t\t\t\t<\/div>\n\t\t\t\t\t\t<\/div>\n\t\t\t\t<\/div>\n\t\t\t\t\t<\/div>\n\t\t<\/div>\n\t\t\t\t\t<\/div>\n\t\t<\/section>\n\t\t\t\t<\/div>\n\t\t","protected":false},"excerpt":{"rendered":"<p>Get In Touch With Us Ready for the ultimate escape? Whether you wish to visit our luxury spa or prefer a discreet 30-minute out-call service at your hotel, our team&hellip;<\/p>\n","protected":false},"author":2,"featured_media":0,"parent":0,"menu_order":0,"comment_status":"closed","ping_status":"closed","template":"page-fullwidth.php","meta":{"footnotes":""},"class_list":["post-16","page","type-page","status-publish","hentry"],"_links":{"self":[{"href":"https:\/\/happyendingmassage.org\/vi\/wp-json\/wp\/v2\/pages\/16","targetHints":{"allow":["GET"]}}],"collection":[{"href":"https:\/\/happyendingmassage.org\/vi\/wp-json\/wp\/v2\/pages"}],"about":[{"href":"https:\/\/happyendingmassage.org\/vi\/wp-json\/wp\/v2\/types\/page"}],"author":[{"embeddable":true,"href":"https:\/\/happyendingmassage.org\/vi\/wp-json\/wp\/v2\/users\/2"}],"replies":[{"embeddable":true,"href":"https:\/\/happyendingmassage.org\/vi\/wp-json\/wp\/v2\/comments?post=16"}],"version-history":[{"count":2,"href":"https:\/\/happyendingmassage.org\/vi\/wp-json\/wp\/v2\/pages\/16\/revisions"}],"predecessor-version":[{"id":6963,"href":"https:\/\/happyendingmassage.org\/vi\/wp-json\/wp\/v2\/pages\/16\/revisions\/6963"}],"wp:attachment":[{"href":"https:\/\/happyendingmassage.org\/vi\/wp-json\/wp\/v2\/media?parent=16"}],"curies":[{"name":"wp","href":"https:\/\/api.w.org\/{rel}","templated":true}]}}