{"id":566,"date":"2023-07-18T08:53:48","date_gmt":"2023-07-18T08:53:48","guid":{"rendered":"https:\/\/happyendingmassage.org\/?post_type=product&#038;p=566"},"modified":"2023-10-25T23:46:28","modified_gmt":"2023-10-25T23:46:28","slug":"dich-vu-massage-tai-nha-da-nang-nv18","status":"publish","type":"product","link":"https:\/\/happyendingmassage.org\/vi\/product\/dich-vu-massage-tai-nha-da-nang-nv18\/","title":{"rendered":"D\u1ecbch v\u1ee5 Massage t\u1ea1i nh\u00e0 \u0110\u00e0 N\u1eb5ng &#8211; NV18"},"content":{"rendered":"<p><img fetchpriority=\"high\" decoding=\"async\" class=\"alignnone wp-image-1139 size-medium\" src=\"https:\/\/happyendingmassage.org\/wp-content\/uploads\/2023\/10\/Frame-3-300x300.png\" alt=\"\" width=\"300\" height=\"300\" srcset=\"https:\/\/happyendingmassage.org\/wp-content\/uploads\/2023\/10\/Frame-3-300x300.png 300w, https:\/\/happyendingmassage.org\/wp-content\/uploads\/2023\/10\/Frame-3-150x150.png 150w, https:\/\/happyendingmassage.org\/wp-content\/uploads\/2023\/10\/Frame-3-100x100.png 100w, https:\/\/happyendingmassage.org\/wp-content\/uploads\/2023\/10\/Frame-3.png 480w\" sizes=\"(max-width: 300px) 100vw, 300px\" \/><\/p>\n","protected":false},"excerpt":{"rendered":"","protected":false},"featured_media":1139,"template":"","meta":[],"product_cat":[23],"product_tag":[],"class_list":["post-566","product","type-product","status-publish","has-post-thumbnail","hentry","product_cat-nhan-vien"],"_links":{"self":[{"href":"https:\/\/happyendingmassage.org\/vi\/wp-json\/wp\/v2\/product\/566","targetHints":{"allow":["GET"]}}],"collection":[{"href":"https:\/\/happyendingmassage.org\/vi\/wp-json\/wp\/v2\/product"}],"about":[{"href":"https:\/\/happyendingmassage.org\/vi\/wp-json\/wp\/v2\/types\/product"}],"wp:featuredmedia":[{"embeddable":true,"href":"https:\/\/happyendingmassage.org\/vi\/wp-json\/wp\/v2\/media\/1139"}],"wp:attachment":[{"href":"https:\/\/happyendingmassage.org\/vi\/wp-json\/wp\/v2\/media?parent=566"}],"wp:term":[{"taxonomy":"product_cat","embeddable":true,"href":"https:\/\/happyendingmassage.org\/vi\/wp-json\/wp\/v2\/product_cat?post=566"},{"taxonomy":"product_tag","embeddable":true,"href":"https:\/\/happyendingmassage.org\/vi\/wp-json\/wp\/v2\/product_tag?post=566"}],"curies":[{"name":"wp","href":"https:\/\/api.w.org\/{rel}","templated":true}]}}